{"id":20,"date":"2023-02-17T10:15:17","date_gmt":"2023-02-17T09:15:17","guid":{"rendered":"http:\/\/frenchtech-artois.fr\/?page_id=20"},"modified":"2023-12-15T11:57:14","modified_gmt":"2023-12-15T10:57:14","slug":"mentions-legales","status":"publish","type":"page","link":"https:\/\/frenchtech-artois.fr\/index.php\/mentions-legales\/","title":{"rendered":"MENTIONS LEGALES"},"content":{"rendered":"\n<p>QUI SOMMES-NOUS?<\/p>\n\n\n\n<p>L\u2019adresse de notre site Web est : <a href=\"https:\/\/frenchtech-artois.fr\/\">https:\/\/frenchtech-artois.fr\/<\/a><\/p>\n\n\n\n<p><strong>Propri\u00e9taire :<\/strong><\/p>\n\n\n\n<p>FRENCH TECH ARTOIS<br>84 rue Paul Bert<br>62300 Lens<br>SIREN 923622385<\/p>\n\n\n\n<p><strong>Responsable:<\/strong><\/p>\n\n\n\n<p>Laurent CAPPON, Pr\u00e9sident de l\u2019association<br>Contact : Chef(ffe) de projet responsable communaut\u00e9\u2013 admin@frenchtech-artois.fr<\/p>\n\n\n\n<p><strong>Contenu du site<\/strong><\/p>\n\n\n\n<p>La FRENCH TECH ARTOIS se r\u00e9serve le droit de changer les informations sur le site \u00e0 tout moment. <\/p>\n\n\n\n<p><strong>Cr\u00e9dit photo<\/strong><\/p>\n\n\n\n<p>\u00a9 French Tech Artois<\/p>\n\n\n\n<p><strong>Donn\u00e9es personnelles<\/strong><\/p>\n\n\n\n<p>La collecte des informations dont la saisie est obligatoire dans les formulaires de ce site, est n\u00e9cessaire au traitement de votre demande.<\/p>\n\n\n\n<p>En application de la loi n\u00ba78-17 du 6 janvier 1978 relative \u00e0 l\u2019informatique, aux fichiers et aux libert\u00e9s, vous disposez d\u2019un droit d\u2019acc\u00e8s, de modification, de rectification et, en cas de motif l\u00e9gitime, de suppression des donn\u00e9es qui vous concernent. Vous pouvez exiger que soient rectifi\u00e9es, compl\u00e9t\u00e9es, mises \u00e0 jour ou, en cas de motif l\u00e9gitime, effac\u00e9es les informations inexactes, incompl\u00e8tes ou p\u00e9rim\u00e9es qui vous concernent. Si vous souhaitez exercer ce droit, il vous suffit de nous contacter via la page<strong>&nbsp;<a href=\"https:\/\/louvre-lens-vallee.amphi.beer\/declaration-de-confidentialite\/\">D\u00e9claration de confidentialit\u00e9<\/a><\/strong><\/p>\n\n\n\n<p>Avertissemet<em><br>Ce mod\u00e8le sera ult\u00e9rieurement compl\u00e9t\u00e9 par l\u2019information concernant les directives relatives au sort des donn\u00e9es \u00e0 caract\u00e8re personnel apr\u00e8s la mort (article 32-I-6\u00b0 de la loi du 6 janvier 1978 modifi\u00e9e).\u00a0<\/em><\/p>\n\n\n\n<hr class=\"wp-block-separator has-alpha-channel-opacity\"\/>\n\n\n\n<p>Helloasso<\/p>\n\n\n\n<p>Les informations renseign\u00e9es dans le formulaire d&#8217;adh\u00e9sion HELLOASSO ne sont accessibles qu&#8217;aux responsables de l&#8217;association et ne peuvent pas \u00eatre diffus\u00e9e. Ces informations ne seront utilis\u00e9es que dans un but d&#8217;information dans le but de faire partie de la communaut\u00e9 French Tech Artois. <\/p>\n\n\n\n<p><\/p>\n","protected":false},"excerpt":{"rendered":"<p>QUI SOMMES-NOUS? L\u2019adresse de notre site Web est : https:\/\/frenchtech-artois.fr\/ Propri\u00e9taire : FRENCH TECH ARTOIS84 rue Paul Bert62300 LensSIREN 923622385 Responsable: Laurent CAPPON, Pr\u00e9sident de l\u2019associationContact : Chef(ffe) de projet responsable communaut\u00e9\u2013 admin@frenchtech-artois.fr Contenu du site La FRENCH TECH ARTOIS se r\u00e9serve le droit de changer les informations sur le site \u00e0 tout moment. Cr\u00e9dit [&hellip;]<\/p>\n","protected":false},"author":1,"featured_media":0,"parent":0,"menu_order":0,"comment_status":"closed","ping_status":"closed","template":"","meta":{"footnotes":""},"class_list":["post-20","page","type-page","status-publish","hentry","entry"],"_links":{"self":[{"href":"https:\/\/frenchtech-artois.fr\/index.php\/wp-json\/wp\/v2\/pages\/20","targetHints":{"allow":["GET"]}}],"collection":[{"href":"https:\/\/frenchtech-artois.fr\/index.php\/wp-json\/wp\/v2\/pages"}],"about":[{"href":"https:\/\/frenchtech-artois.fr\/index.php\/wp-json\/wp\/v2\/types\/page"}],"author":[{"embeddable":true,"href":"https:\/\/frenchtech-artois.fr\/index.php\/wp-json\/wp\/v2\/users\/1"}],"replies":[{"embeddable":true,"href":"https:\/\/frenchtech-artois.fr\/index.php\/wp-json\/wp\/v2\/comments?post=20"}],"version-history":[{"count":4,"href":"https:\/\/frenchtech-artois.fr\/index.php\/wp-json\/wp\/v2\/pages\/20\/revisions"}],"predecessor-version":[{"id":260,"href":"https:\/\/frenchtech-artois.fr\/index.php\/wp-json\/wp\/v2\/pages\/20\/revisions\/260"}],"wp:attachment":[{"href":"https:\/\/frenchtech-artois.fr\/index.php\/wp-json\/wp\/v2\/media?parent=20"}],"curies":[{"name":"wp","href":"https:\/\/api.w.org\/{rel}","templated":true}]}}